{"id":28898,"date":"2022-09-06T13:29:11","date_gmt":"2022-09-06T11:29:11","guid":{"rendered":"https:\/\/christmas-tree.be\/?post_type=product&#038;p=28898"},"modified":"2025-12-16T16:09:34","modified_gmt":"2025-12-16T15:09:34","slug":"sapin-nordmann-1er-choix-toutes-tailles","status":"publish","type":"product","link":"https:\/\/christmas-tree.be\/nl\/product\/sapin-nordmann-1er-choix-toutes-tailles\/","title":{"rendered":"Nordmann kerstboom 1e keus alle maten vanaf"},"content":{"rendered":"<div dir=\"auto\">\n<p>Infos et contact : 0475.37.12.14<br \/>\nN&rsquo;attendez pas la derni\u00e8re minute pour pr\u00e9-commander votre sapin de No\u00ebl. Vous pourrez ensuite venir le choisir et l&#8217;emporter directement sur place ou en livraison dans un rayon de 10 km autour de notre point de vente saisonnier, situ\u00e9 au 332a Chauss\u00e9e d&rsquo;Alsemberg \u00e0 1420 Braine-l&rsquo;Alleud.<\/p>\n<p>Le Nordmann, ou sapin du Caucase, est souvent qualifi\u00e9 de \u00ab\u00a0Rolls Royce\u00a0\u00bb des sapins de No\u00ebl. Sa forme pyramidale parfaite, son feuillage dense et brillant, ainsi que sa couleur vert fonc\u00e9 en font un arbre d&rsquo;exception. C&rsquo;est aujourd&rsquo;hui le sapin le plus pris\u00e9 en Europe. Ses aiguilles sont souples et douces, et sa silhouette s&rsquo;\u00e9tage harmonieusement. Gr\u00e2ce \u00e0 sa grande r\u00e9sistance, il peut \u00eatre install\u00e9 plus t\u00f4t dans la maison, contribuant \u00e0 une d\u00e9coration de No\u00ebl soign\u00e9e. Il repr\u00e9sente d\u00e9sormais la majorit\u00e9 des ventes de sapins. Nos partenaires, pionniers dans la culture de ce sapin, sont reconnus pour leur expertise, et leurs parcelles de culture sont cit\u00e9es en exemple dans toute l&rsquo;Europe.<\/p>\n<p>Les photos pr\u00e9sent\u00e9es sont celles de nos propres sapins vendus lors des pr\u00e9c\u00e9dentes saisons.<\/p>\n<\/div>","protected":false},"excerpt":{"rendered":"<div dir=\"auto\">\n<p>Infos et contact : 0475.37.12.14<br \/>\nN&rsquo;attendez pas la derni\u00e8re minute pour pr\u00e9-commander votre sapin de No\u00ebl. Vous pourrez ensuite venir le choisir et l&#8217;emporter directement sur place ou en livraison dans un rayon de 10 km autour de notre point de vente saisonnier, situ\u00e9 au 332a Chauss\u00e9e d&rsquo;Alsemberg \u00e0 1420 Braine-l&rsquo;Alleud.<\/p>\n<p>Le Nordmann, ou sapin du Caucase, est souvent qualifi\u00e9 de \u00ab\u00a0Rolls Royce\u00a0\u00bb des sapins de No\u00ebl. Sa forme pyramidale parfaite, son feuillage dense et brillant, ainsi que sa couleur vert fonc\u00e9 en font un arbre d&rsquo;exception. C&rsquo;est aujourd&rsquo;hui le sapin le plus pris\u00e9 en Europe. Ses aiguilles sont souples et douces, et sa silhouette s&rsquo;\u00e9tage harmonieusement. Gr\u00e2ce \u00e0 sa grande r\u00e9sistance, il peut \u00eatre install\u00e9 plus t\u00f4t dans la maison, contribuant \u00e0 une d\u00e9coration de No\u00ebl soign\u00e9e. Il repr\u00e9sente d\u00e9sormais la majorit\u00e9 des ventes de sapins. Nos partenaires, pionniers dans la culture de ce sapin, sont reconnus pour leur expertise, et leurs parcelles de culture sont cit\u00e9es en exemple dans toute l&rsquo;Europe.<\/p>\n<p>Les photos pr\u00e9sent\u00e9es sont celles de nos propres sapins vendus lors des pr\u00e9c\u00e9dentes saisons.<\/p>\n<\/div>","protected":false},"featured_media":28899,"comment_status":"open","ping_status":"closed","template":"","meta":[],"product_cat":[175],"product_tag":[],"class_list":{"0":"post-28898","1":"product","2":"type-product","3":"status-publish","4":"has-post-thumbnail","6":"product_cat-sapins-nordmann","8":"first","9":"instock","10":"taxable","11":"shipping-taxable","12":"purchasable","13":"product-type-variable"},"yoast_head":"<!-- This site is optimized with the Yoast SEO plugin v27.4 - https:\/\/yoast.com\/product\/yoast-seo-wordpress\/ -->\n<title>Sapin de No\u00ebl au meilleur prix \u00e0 Braine l&#039;Alleud - Sapin de noel Braine l\u2019Alleud<\/title>\n<meta name=\"description\" content=\"N\u2019attendez pas la derni\u00e8re minute pour pr\u00e9-commander votre sapin de no\u00ebl, venez ensuite le choisir vous-m\u00eame sur place \u00e0 partir du 6 d\u00e9cembre 2022\" \/>\n<meta name=\"robots\" content=\"index, follow, max-snippet:-1, max-image-preview:large, max-video-preview:-1\" \/>\n<link rel=\"canonical\" href=\"https:\/\/christmas-tree.be\/nl\/product\/sapin-nordmann-1er-choix-toutes-tailles\/\" \/>\n<meta property=\"og:locale\" content=\"nl_BE\" \/>\n<meta property=\"og:type\" content=\"article\" \/>\n<meta property=\"og:title\" content=\"Sapin de No\u00ebl au meilleur prix \u00e0 Braine l&#039;Alleud - Sapin de noel Braine l\u2019Alleud\" \/>\n<meta property=\"og:description\" content=\"N\u2019attendez pas la derni\u00e8re minute pour pr\u00e9-commander votre sapin de no\u00ebl, venez ensuite le choisir vous-m\u00eame sur place \u00e0 partir du 6 d\u00e9cembre 2022\" \/>\n<meta property=\"og:url\" content=\"https:\/\/christmas-tree.be\/nl\/product\/sapin-nordmann-1er-choix-toutes-tailles\/\" \/>\n<meta property=\"og:site_name\" content=\"Sapin de noel Braine l\u2019Alleud\" \/>\n<meta property=\"article:publisher\" content=\"https:\/\/www.facebook.com\/christmas-tree.be\" \/>\n<meta property=\"article:modified_time\" content=\"2025-12-16T15:09:34+00:00\" \/>\n<meta property=\"og:image\" content=\"https:\/\/christmas-tree.be\/wp-content\/uploads\/2022\/09\/B2CD.jpeg\" \/>\n\t<meta property=\"og:image:width\" content=\"1200\" \/>\n\t<meta property=\"og:image:height\" content=\"1200\" \/>\n\t<meta property=\"og:image:type\" content=\"image\/jpeg\" \/>\n<meta name=\"twitter:card\" content=\"summary_large_image\" \/>\n<meta name=\"twitter:label1\" content=\"Geschatte leestijd\" \/>\n\t<meta name=\"twitter:data1\" content=\"2 minuten\" \/>\n<script type=\"application\/ld+json\" class=\"yoast-schema-graph\">{\"@context\":\"https:\\\/\\\/schema.org\",\"@graph\":[{\"@type\":\"WebPage\",\"@id\":\"https:\\\/\\\/christmas-tree.be\\\/product\\\/sapin-nordmann-1er-choix-toutes-tailles\\\/\",\"url\":\"https:\\\/\\\/christmas-tree.be\\\/product\\\/sapin-nordmann-1er-choix-toutes-tailles\\\/\",\"name\":\"Sapin de No\u00ebl au meilleur prix \u00e0 Braine l'Alleud - Sapin de noel Braine l\u2019Alleud\",\"isPartOf\":{\"@id\":\"https:\\\/\\\/christmas-tree.be\\\/nl\\\/#website\"},\"primaryImageOfPage\":{\"@id\":\"https:\\\/\\\/christmas-tree.be\\\/product\\\/sapin-nordmann-1er-choix-toutes-tailles\\\/#primaryimage\"},\"image\":{\"@id\":\"https:\\\/\\\/christmas-tree.be\\\/product\\\/sapin-nordmann-1er-choix-toutes-tailles\\\/#primaryimage\"},\"thumbnailUrl\":\"https:\\\/\\\/christmas-tree.be\\\/wp-content\\\/uploads\\\/2022\\\/09\\\/B2CD.jpeg\",\"datePublished\":\"2022-09-06T11:29:11+00:00\",\"dateModified\":\"2025-12-16T15:09:34+00:00\",\"description\":\"N\u2019attendez pas la derni\u00e8re minute pour pr\u00e9-commander votre sapin de no\u00ebl, venez ensuite le choisir vous-m\u00eame sur place \u00e0 partir du 6 d\u00e9cembre 2022\",\"breadcrumb\":{\"@id\":\"https:\\\/\\\/christmas-tree.be\\\/product\\\/sapin-nordmann-1er-choix-toutes-tailles\\\/#breadcrumb\"},\"inLanguage\":\"nl-BE\",\"potentialAction\":[{\"@type\":\"ReadAction\",\"target\":[\"https:\\\/\\\/christmas-tree.be\\\/product\\\/sapin-nordmann-1er-choix-toutes-tailles\\\/\"]}]},{\"@type\":\"ImageObject\",\"inLanguage\":\"nl-BE\",\"@id\":\"https:\\\/\\\/christmas-tree.be\\\/product\\\/sapin-nordmann-1er-choix-toutes-tailles\\\/#primaryimage\",\"url\":\"https:\\\/\\\/christmas-tree.be\\\/wp-content\\\/uploads\\\/2022\\\/09\\\/B2CD.jpeg\",\"contentUrl\":\"https:\\\/\\\/christmas-tree.be\\\/wp-content\\\/uploads\\\/2022\\\/09\\\/B2CD.jpeg\",\"width\":1200,\"height\":1200,\"caption\":\"Christmas-tree.be sapin Nordmann\"},{\"@type\":\"BreadcrumbList\",\"@id\":\"https:\\\/\\\/christmas-tree.be\\\/product\\\/sapin-nordmann-1er-choix-toutes-tailles\\\/#breadcrumb\",\"itemListElement\":[{\"@type\":\"ListItem\",\"position\":1,\"name\":\"Accueil\",\"item\":\"https:\\\/\\\/christmas-tree.be\\\/\"},{\"@type\":\"ListItem\",\"position\":2,\"name\":\"Shop\",\"item\":\"https:\\\/\\\/christmas-tree.be\\\/shop\\\/\"},{\"@type\":\"ListItem\",\"position\":3,\"name\":\"Sapin de No\u00ebl Nordmann 1er Choix toutes tailles \u00e0 partir de\"}]},{\"@type\":\"WebSite\",\"@id\":\"https:\\\/\\\/christmas-tree.be\\\/nl\\\/#website\",\"url\":\"https:\\\/\\\/christmas-tree.be\\\/nl\\\/\",\"name\":\"Sapin de noel Braine l\u2019Alleud\",\"description\":\"Sapins de No\u00ebl Nordmann pas cher \u00e0 Braine l&#039;Alleud\",\"publisher\":{\"@id\":\"https:\\\/\\\/christmas-tree.be\\\/nl\\\/#organization\"},\"potentialAction\":[{\"@type\":\"SearchAction\",\"target\":{\"@type\":\"EntryPoint\",\"urlTemplate\":\"https:\\\/\\\/christmas-tree.be\\\/nl\\\/?s={search_term_string}\"},\"query-input\":{\"@type\":\"PropertyValueSpecification\",\"valueRequired\":true,\"valueName\":\"search_term_string\"}}],\"inLanguage\":\"nl-BE\"},{\"@type\":\"Organization\",\"@id\":\"https:\\\/\\\/christmas-tree.be\\\/nl\\\/#organization\",\"name\":\"Sapins de noel Braine l\u2019Alleud\",\"url\":\"https:\\\/\\\/christmas-tree.be\\\/nl\\\/\",\"logo\":{\"@type\":\"ImageObject\",\"inLanguage\":\"nl-BE\",\"@id\":\"https:\\\/\\\/christmas-tree.be\\\/nl\\\/#\\\/schema\\\/logo\\\/image\\\/\",\"url\":\"https:\\\/\\\/christmas-tree.be\\\/wp-content\\\/uploads\\\/2022\\\/09\\\/lioxmas-818x1024.png\",\"contentUrl\":\"https:\\\/\\\/christmas-tree.be\\\/wp-content\\\/uploads\\\/2022\\\/09\\\/lioxmas-818x1024.png\",\"width\":818,\"height\":1024,\"caption\":\"Sapins de noel Braine l\u2019Alleud\"},\"image\":{\"@id\":\"https:\\\/\\\/christmas-tree.be\\\/nl\\\/#\\\/schema\\\/logo\\\/image\\\/\"},\"sameAs\":[\"https:\\\/\\\/www.facebook.com\\\/christmas-tree.be\"]}]}<\/script>\n<!-- \/ Yoast SEO plugin. -->","yoast_head_json":{"title":"Sapin de No\u00ebl au meilleur prix \u00e0 Braine l'Alleud - Sapin de noel Braine l\u2019Alleud","description":"N\u2019attendez pas la derni\u00e8re minute pour pr\u00e9-commander votre sapin de no\u00ebl, venez ensuite le choisir vous-m\u00eame sur place \u00e0 partir du 6 d\u00e9cembre 2022","robots":{"index":"index","follow":"follow","max-snippet":"max-snippet:-1","max-image-preview":"max-image-preview:large","max-video-preview":"max-video-preview:-1"},"canonical":"https:\/\/christmas-tree.be\/nl\/product\/sapin-nordmann-1er-choix-toutes-tailles\/","og_locale":"nl_BE","og_type":"article","og_title":"Sapin de No\u00ebl au meilleur prix \u00e0 Braine l'Alleud - Sapin de noel Braine l\u2019Alleud","og_description":"N\u2019attendez pas la derni\u00e8re minute pour pr\u00e9-commander votre sapin de no\u00ebl, venez ensuite le choisir vous-m\u00eame sur place \u00e0 partir du 6 d\u00e9cembre 2022","og_url":"https:\/\/christmas-tree.be\/nl\/product\/sapin-nordmann-1er-choix-toutes-tailles\/","og_site_name":"Sapin de noel Braine l\u2019Alleud","article_publisher":"https:\/\/www.facebook.com\/christmas-tree.be","article_modified_time":"2025-12-16T15:09:34+00:00","og_image":[{"width":1200,"height":1200,"url":"https:\/\/christmas-tree.be\/wp-content\/uploads\/2022\/09\/B2CD.jpeg","type":"image\/jpeg"}],"twitter_card":"summary_large_image","twitter_misc":{"Geschatte leestijd":"2 minuten"},"schema":{"@context":"https:\/\/schema.org","@graph":[{"@type":"WebPage","@id":"https:\/\/christmas-tree.be\/product\/sapin-nordmann-1er-choix-toutes-tailles\/","url":"https:\/\/christmas-tree.be\/product\/sapin-nordmann-1er-choix-toutes-tailles\/","name":"Sapin de No\u00ebl au meilleur prix \u00e0 Braine l'Alleud - Sapin de noel Braine l\u2019Alleud","isPartOf":{"@id":"https:\/\/christmas-tree.be\/nl\/#website"},"primaryImageOfPage":{"@id":"https:\/\/christmas-tree.be\/product\/sapin-nordmann-1er-choix-toutes-tailles\/#primaryimage"},"image":{"@id":"https:\/\/christmas-tree.be\/product\/sapin-nordmann-1er-choix-toutes-tailles\/#primaryimage"},"thumbnailUrl":"https:\/\/christmas-tree.be\/wp-content\/uploads\/2022\/09\/B2CD.jpeg","datePublished":"2022-09-06T11:29:11+00:00","dateModified":"2025-12-16T15:09:34+00:00","description":"N\u2019attendez pas la derni\u00e8re minute pour pr\u00e9-commander votre sapin de no\u00ebl, venez ensuite le choisir vous-m\u00eame sur place \u00e0 partir du 6 d\u00e9cembre 2022","breadcrumb":{"@id":"https:\/\/christmas-tree.be\/product\/sapin-nordmann-1er-choix-toutes-tailles\/#breadcrumb"},"inLanguage":"nl-BE","potentialAction":[{"@type":"ReadAction","target":["https:\/\/christmas-tree.be\/product\/sapin-nordmann-1er-choix-toutes-tailles\/"]}]},{"@type":"ImageObject","inLanguage":"nl-BE","@id":"https:\/\/christmas-tree.be\/product\/sapin-nordmann-1er-choix-toutes-tailles\/#primaryimage","url":"https:\/\/christmas-tree.be\/wp-content\/uploads\/2022\/09\/B2CD.jpeg","contentUrl":"https:\/\/christmas-tree.be\/wp-content\/uploads\/2022\/09\/B2CD.jpeg","width":1200,"height":1200,"caption":"Christmas-tree.be sapin Nordmann"},{"@type":"BreadcrumbList","@id":"https:\/\/christmas-tree.be\/product\/sapin-nordmann-1er-choix-toutes-tailles\/#breadcrumb","itemListElement":[{"@type":"ListItem","position":1,"name":"Accueil","item":"https:\/\/christmas-tree.be\/"},{"@type":"ListItem","position":2,"name":"Shop","item":"https:\/\/christmas-tree.be\/shop\/"},{"@type":"ListItem","position":3,"name":"Sapin de No\u00ebl Nordmann 1er Choix toutes tailles \u00e0 partir de"}]},{"@type":"WebSite","@id":"https:\/\/christmas-tree.be\/nl\/#website","url":"https:\/\/christmas-tree.be\/nl\/","name":"Sapin de noel Braine l\u2019Alleud","description":"Sapins de No\u00ebl Nordmann pas cher \u00e0 Braine l&#039;Alleud","publisher":{"@id":"https:\/\/christmas-tree.be\/nl\/#organization"},"potentialAction":[{"@type":"SearchAction","target":{"@type":"EntryPoint","urlTemplate":"https:\/\/christmas-tree.be\/nl\/?s={search_term_string}"},"query-input":{"@type":"PropertyValueSpecification","valueRequired":true,"valueName":"search_term_string"}}],"inLanguage":"nl-BE"},{"@type":"Organization","@id":"https:\/\/christmas-tree.be\/nl\/#organization","name":"Sapins de noel Braine l\u2019Alleud","url":"https:\/\/christmas-tree.be\/nl\/","logo":{"@type":"ImageObject","inLanguage":"nl-BE","@id":"https:\/\/christmas-tree.be\/nl\/#\/schema\/logo\/image\/","url":"https:\/\/christmas-tree.be\/wp-content\/uploads\/2022\/09\/lioxmas-818x1024.png","contentUrl":"https:\/\/christmas-tree.be\/wp-content\/uploads\/2022\/09\/lioxmas-818x1024.png","width":818,"height":1024,"caption":"Sapins de noel Braine l\u2019Alleud"},"image":{"@id":"https:\/\/christmas-tree.be\/nl\/#\/schema\/logo\/image\/"},"sameAs":["https:\/\/www.facebook.com\/christmas-tree.be"]}]}},"_links":{"self":[{"href":"https:\/\/christmas-tree.be\/nl\/wp-json\/wp\/v2\/product\/28898","targetHints":{"allow":["GET"]}}],"collection":[{"href":"https:\/\/christmas-tree.be\/nl\/wp-json\/wp\/v2\/product"}],"about":[{"href":"https:\/\/christmas-tree.be\/nl\/wp-json\/wp\/v2\/types\/product"}],"replies":[{"embeddable":true,"href":"https:\/\/christmas-tree.be\/nl\/wp-json\/wp\/v2\/comments?post=28898"}],"wp:featuredmedia":[{"embeddable":true,"href":"https:\/\/christmas-tree.be\/nl\/wp-json\/wp\/v2\/media\/28899"}],"wp:attachment":[{"href":"https:\/\/christmas-tree.be\/nl\/wp-json\/wp\/v2\/media?parent=28898"}],"wp:term":[{"taxonomy":"product_cat","embeddable":true,"href":"https:\/\/christmas-tree.be\/nl\/wp-json\/wp\/v2\/product_cat?post=28898"},{"taxonomy":"product_tag","embeddable":true,"href":"https:\/\/christmas-tree.be\/nl\/wp-json\/wp\/v2\/product_tag?post=28898"}],"curies":[{"name":"wp","href":"https:\/\/api.w.org\/{rel}","templated":true}]}}