{"id":28982,"date":"2022-09-06T22:32:48","date_gmt":"2022-09-06T20:32:48","guid":{"rendered":"https:\/\/christmas-tree.be\/?post_type=product&#038;p=28982"},"modified":"2025-12-16T16:09:33","modified_gmt":"2025-12-16T15:09:33","slug":"le-pied-eco-responsable","status":"publish","type":"product","link":"https:\/\/christmas-tree.be\/en\/product\/le-pied-eco-responsable\/","title":{"rendered":"The Eco-Responsible Foot"},"content":{"rendered":"<p>We offer you this exclusive reusable tree stand, it is not only ultra stable and solid but it is also reusable every year.<\/p>\n<p>Make a gesture for the planet by adding this eco-responsible foot to your order<\/p>","protected":false},"excerpt":{"rendered":"<p>Nous vous proposons en exclusivit\u00e9 ce pied \u00e0 sapin r\u00e9utilisable, il est non seulement ultra stable et solide mais il est \u00e9galement r\u00e9utilisable chaque ann\u00e9e. Faites un geste pour la plan\u00e8te en ajoutant ce pied \u00e9co-responsable \u00e0 votre commande<\/p>","protected":false},"featured_media":28983,"comment_status":"open","ping_status":"closed","template":"","meta":[],"product_cat":[180],"product_tag":[],"class_list":{"0":"post-28982","1":"product","2":"type-product","3":"status-publish","4":"has-post-thumbnail","6":"product_cat-pied-eco-responsable","8":"first","9":"instock","10":"taxable","11":"shipping-taxable","12":"purchasable","13":"product-type-variable"},"yoast_head":"<!-- This site is optimized with the Yoast SEO plugin v27.4 - https:\/\/yoast.com\/product\/yoast-seo-wordpress\/ -->\n<title>Le Pied Eco-Responsable - Sapin de noel Braine l\u2019Alleud<\/title>\n<meta name=\"robots\" content=\"index, follow, max-snippet:-1, max-image-preview:large, max-video-preview:-1\" \/>\n<link rel=\"canonical\" href=\"https:\/\/christmas-tree.be\/en\/product\/le-pied-eco-responsable\/\" \/>\n<meta property=\"og:locale\" content=\"en_US\" \/>\n<meta property=\"og:type\" content=\"article\" \/>\n<meta property=\"og:title\" content=\"Le Pied Eco-Responsable - Sapin de noel Braine l\u2019Alleud\" \/>\n<meta property=\"og:description\" content=\"Nous vous proposons en exclusivit\u00e9 ce pied \u00e0 sapin r\u00e9utilisable, il est non seulement ultra stable et solide mais il est \u00e9galement r\u00e9utilisable chaque ann\u00e9e. Faites un geste pour la plan\u00e8te en ajoutant ce pied \u00e9co-responsable \u00e0 votre commande\" \/>\n<meta property=\"og:url\" content=\"https:\/\/christmas-tree.be\/en\/product\/le-pied-eco-responsable\/\" \/>\n<meta property=\"og:site_name\" content=\"Sapin de noel Braine l\u2019Alleud\" \/>\n<meta property=\"article:publisher\" content=\"https:\/\/www.facebook.com\/christmas-tree.be\" \/>\n<meta property=\"article:modified_time\" content=\"2025-12-16T15:09:33+00:00\" \/>\n<meta property=\"og:image\" content=\"https:\/\/christmas-tree.be\/wp-content\/uploads\/2022\/09\/Croix-sapin-de-noel-eco-responsable.png\" \/>\n\t<meta property=\"og:image:width\" content=\"768\" \/>\n\t<meta property=\"og:image:height\" content=\"496\" \/>\n\t<meta property=\"og:image:type\" content=\"image\/png\" \/>\n<meta name=\"twitter:card\" content=\"summary_large_image\" \/>\n<meta name=\"twitter:label1\" content=\"Est. reading time\" \/>\n\t<meta name=\"twitter:data1\" content=\"1 minute\" \/>\n<script type=\"application\/ld+json\" class=\"yoast-schema-graph\">{\"@context\":\"https:\\\/\\\/schema.org\",\"@graph\":[{\"@type\":\"WebPage\",\"@id\":\"https:\\\/\\\/christmas-tree.be\\\/product\\\/le-pied-eco-responsable\\\/\",\"url\":\"https:\\\/\\\/christmas-tree.be\\\/product\\\/le-pied-eco-responsable\\\/\",\"name\":\"Le Pied Eco-Responsable - Sapin de noel Braine l\u2019Alleud\",\"isPartOf\":{\"@id\":\"https:\\\/\\\/christmas-tree.be\\\/nl\\\/#website\"},\"primaryImageOfPage\":{\"@id\":\"https:\\\/\\\/christmas-tree.be\\\/product\\\/le-pied-eco-responsable\\\/#primaryimage\"},\"image\":{\"@id\":\"https:\\\/\\\/christmas-tree.be\\\/product\\\/le-pied-eco-responsable\\\/#primaryimage\"},\"thumbnailUrl\":\"https:\\\/\\\/christmas-tree.be\\\/wp-content\\\/uploads\\\/2022\\\/09\\\/Croix-sapin-de-noel-eco-responsable.png\",\"datePublished\":\"2022-09-06T20:32:48+00:00\",\"dateModified\":\"2025-12-16T15:09:33+00:00\",\"breadcrumb\":{\"@id\":\"https:\\\/\\\/christmas-tree.be\\\/product\\\/le-pied-eco-responsable\\\/#breadcrumb\"},\"inLanguage\":\"en-US\",\"potentialAction\":[{\"@type\":\"ReadAction\",\"target\":[\"https:\\\/\\\/christmas-tree.be\\\/product\\\/le-pied-eco-responsable\\\/\"]}]},{\"@type\":\"ImageObject\",\"inLanguage\":\"en-US\",\"@id\":\"https:\\\/\\\/christmas-tree.be\\\/product\\\/le-pied-eco-responsable\\\/#primaryimage\",\"url\":\"https:\\\/\\\/christmas-tree.be\\\/wp-content\\\/uploads\\\/2022\\\/09\\\/Croix-sapin-de-noel-eco-responsable.png\",\"contentUrl\":\"https:\\\/\\\/christmas-tree.be\\\/wp-content\\\/uploads\\\/2022\\\/09\\\/Croix-sapin-de-noel-eco-responsable.png\",\"width\":768,\"height\":496},{\"@type\":\"BreadcrumbList\",\"@id\":\"https:\\\/\\\/christmas-tree.be\\\/product\\\/le-pied-eco-responsable\\\/#breadcrumb\",\"itemListElement\":[{\"@type\":\"ListItem\",\"position\":1,\"name\":\"Accueil\",\"item\":\"https:\\\/\\\/christmas-tree.be\\\/\"},{\"@type\":\"ListItem\",\"position\":2,\"name\":\"Shop\",\"item\":\"https:\\\/\\\/christmas-tree.be\\\/shop\\\/\"},{\"@type\":\"ListItem\",\"position\":3,\"name\":\"Le Pied Eco-Responsable\"}]},{\"@type\":\"WebSite\",\"@id\":\"https:\\\/\\\/christmas-tree.be\\\/nl\\\/#website\",\"url\":\"https:\\\/\\\/christmas-tree.be\\\/nl\\\/\",\"name\":\"Sapin de noel Braine l\u2019Alleud\",\"description\":\"Sapins de No\u00ebl Nordmann pas cher \u00e0 Braine l&#039;Alleud\",\"publisher\":{\"@id\":\"https:\\\/\\\/christmas-tree.be\\\/nl\\\/#organization\"},\"potentialAction\":[{\"@type\":\"SearchAction\",\"target\":{\"@type\":\"EntryPoint\",\"urlTemplate\":\"https:\\\/\\\/christmas-tree.be\\\/nl\\\/?s={search_term_string}\"},\"query-input\":{\"@type\":\"PropertyValueSpecification\",\"valueRequired\":true,\"valueName\":\"search_term_string\"}}],\"inLanguage\":\"en-US\"},{\"@type\":\"Organization\",\"@id\":\"https:\\\/\\\/christmas-tree.be\\\/nl\\\/#organization\",\"name\":\"Sapins de noel Braine l\u2019Alleud\",\"url\":\"https:\\\/\\\/christmas-tree.be\\\/nl\\\/\",\"logo\":{\"@type\":\"ImageObject\",\"inLanguage\":\"en-US\",\"@id\":\"https:\\\/\\\/christmas-tree.be\\\/nl\\\/#\\\/schema\\\/logo\\\/image\\\/\",\"url\":\"https:\\\/\\\/christmas-tree.be\\\/wp-content\\\/uploads\\\/2022\\\/09\\\/lioxmas-818x1024.png\",\"contentUrl\":\"https:\\\/\\\/christmas-tree.be\\\/wp-content\\\/uploads\\\/2022\\\/09\\\/lioxmas-818x1024.png\",\"width\":818,\"height\":1024,\"caption\":\"Sapins de noel Braine l\u2019Alleud\"},\"image\":{\"@id\":\"https:\\\/\\\/christmas-tree.be\\\/nl\\\/#\\\/schema\\\/logo\\\/image\\\/\"},\"sameAs\":[\"https:\\\/\\\/www.facebook.com\\\/christmas-tree.be\"]}]}<\/script>\n<!-- \/ Yoast SEO plugin. -->","yoast_head_json":{"title":"Le Pied Eco-Responsable - Sapin de noel Braine l\u2019Alleud","robots":{"index":"index","follow":"follow","max-snippet":"max-snippet:-1","max-image-preview":"max-image-preview:large","max-video-preview":"max-video-preview:-1"},"canonical":"https:\/\/christmas-tree.be\/en\/product\/le-pied-eco-responsable\/","og_locale":"en_US","og_type":"article","og_title":"Le Pied Eco-Responsable - Sapin de noel Braine l\u2019Alleud","og_description":"Nous vous proposons en exclusivit\u00e9 ce pied \u00e0 sapin r\u00e9utilisable, il est non seulement ultra stable et solide mais il est \u00e9galement r\u00e9utilisable chaque ann\u00e9e. Faites un geste pour la plan\u00e8te en ajoutant ce pied \u00e9co-responsable \u00e0 votre commande","og_url":"https:\/\/christmas-tree.be\/en\/product\/le-pied-eco-responsable\/","og_site_name":"Sapin de noel Braine l\u2019Alleud","article_publisher":"https:\/\/www.facebook.com\/christmas-tree.be","article_modified_time":"2025-12-16T15:09:33+00:00","og_image":[{"width":768,"height":496,"url":"https:\/\/christmas-tree.be\/wp-content\/uploads\/2022\/09\/Croix-sapin-de-noel-eco-responsable.png","type":"image\/png"}],"twitter_card":"summary_large_image","twitter_misc":{"Est. reading time":"1 minute"},"schema":{"@context":"https:\/\/schema.org","@graph":[{"@type":"WebPage","@id":"https:\/\/christmas-tree.be\/product\/le-pied-eco-responsable\/","url":"https:\/\/christmas-tree.be\/product\/le-pied-eco-responsable\/","name":"Le Pied Eco-Responsable - Sapin de noel Braine l\u2019Alleud","isPartOf":{"@id":"https:\/\/christmas-tree.be\/nl\/#website"},"primaryImageOfPage":{"@id":"https:\/\/christmas-tree.be\/product\/le-pied-eco-responsable\/#primaryimage"},"image":{"@id":"https:\/\/christmas-tree.be\/product\/le-pied-eco-responsable\/#primaryimage"},"thumbnailUrl":"https:\/\/christmas-tree.be\/wp-content\/uploads\/2022\/09\/Croix-sapin-de-noel-eco-responsable.png","datePublished":"2022-09-06T20:32:48+00:00","dateModified":"2025-12-16T15:09:33+00:00","breadcrumb":{"@id":"https:\/\/christmas-tree.be\/product\/le-pied-eco-responsable\/#breadcrumb"},"inLanguage":"en-US","potentialAction":[{"@type":"ReadAction","target":["https:\/\/christmas-tree.be\/product\/le-pied-eco-responsable\/"]}]},{"@type":"ImageObject","inLanguage":"en-US","@id":"https:\/\/christmas-tree.be\/product\/le-pied-eco-responsable\/#primaryimage","url":"https:\/\/christmas-tree.be\/wp-content\/uploads\/2022\/09\/Croix-sapin-de-noel-eco-responsable.png","contentUrl":"https:\/\/christmas-tree.be\/wp-content\/uploads\/2022\/09\/Croix-sapin-de-noel-eco-responsable.png","width":768,"height":496},{"@type":"BreadcrumbList","@id":"https:\/\/christmas-tree.be\/product\/le-pied-eco-responsable\/#breadcrumb","itemListElement":[{"@type":"ListItem","position":1,"name":"Accueil","item":"https:\/\/christmas-tree.be\/"},{"@type":"ListItem","position":2,"name":"Shop","item":"https:\/\/christmas-tree.be\/shop\/"},{"@type":"ListItem","position":3,"name":"Le Pied Eco-Responsable"}]},{"@type":"WebSite","@id":"https:\/\/christmas-tree.be\/nl\/#website","url":"https:\/\/christmas-tree.be\/nl\/","name":"Sapin de noel Braine l\u2019Alleud","description":"Sapins de No\u00ebl Nordmann pas cher \u00e0 Braine l&#039;Alleud","publisher":{"@id":"https:\/\/christmas-tree.be\/nl\/#organization"},"potentialAction":[{"@type":"SearchAction","target":{"@type":"EntryPoint","urlTemplate":"https:\/\/christmas-tree.be\/nl\/?s={search_term_string}"},"query-input":{"@type":"PropertyValueSpecification","valueRequired":true,"valueName":"search_term_string"}}],"inLanguage":"en-US"},{"@type":"Organization","@id":"https:\/\/christmas-tree.be\/nl\/#organization","name":"Sapins de noel Braine l\u2019Alleud","url":"https:\/\/christmas-tree.be\/nl\/","logo":{"@type":"ImageObject","inLanguage":"en-US","@id":"https:\/\/christmas-tree.be\/nl\/#\/schema\/logo\/image\/","url":"https:\/\/christmas-tree.be\/wp-content\/uploads\/2022\/09\/lioxmas-818x1024.png","contentUrl":"https:\/\/christmas-tree.be\/wp-content\/uploads\/2022\/09\/lioxmas-818x1024.png","width":818,"height":1024,"caption":"Sapins de noel Braine l\u2019Alleud"},"image":{"@id":"https:\/\/christmas-tree.be\/nl\/#\/schema\/logo\/image\/"},"sameAs":["https:\/\/www.facebook.com\/christmas-tree.be"]}]}},"_links":{"self":[{"href":"https:\/\/christmas-tree.be\/en\/wp-json\/wp\/v2\/product\/28982","targetHints":{"allow":["GET"]}}],"collection":[{"href":"https:\/\/christmas-tree.be\/en\/wp-json\/wp\/v2\/product"}],"about":[{"href":"https:\/\/christmas-tree.be\/en\/wp-json\/wp\/v2\/types\/product"}],"replies":[{"embeddable":true,"href":"https:\/\/christmas-tree.be\/en\/wp-json\/wp\/v2\/comments?post=28982"}],"wp:featuredmedia":[{"embeddable":true,"href":"https:\/\/christmas-tree.be\/en\/wp-json\/wp\/v2\/media\/28983"}],"wp:attachment":[{"href":"https:\/\/christmas-tree.be\/en\/wp-json\/wp\/v2\/media?parent=28982"}],"wp:term":[{"taxonomy":"product_cat","embeddable":true,"href":"https:\/\/christmas-tree.be\/en\/wp-json\/wp\/v2\/product_cat?post=28982"},{"taxonomy":"product_tag","embeddable":true,"href":"https:\/\/christmas-tree.be\/en\/wp-json\/wp\/v2\/product_tag?post=28982"}],"curies":[{"name":"wp","href":"https:\/\/api.w.org\/{rel}","templated":true}]}}